{"id":8012,"date":"2023-02-22T19:51:48","date_gmt":"2023-02-22T23:51:48","guid":{"rendered":"https:\/\/shediacbayassociation.org\/?page_id=8012"},"modified":"2025-02-18T14:15:53","modified_gmt":"2025-02-18T18:15:53","slug":"plan-de-gestion-du-bassin-versant","status":"publish","type":"page","link":"https:\/\/shediacbayassociation.org\/fr\/plan-de-gestion-du-bassin-versant\/","title":{"rendered":"Plan de gestion du bassin versant"},"content":{"rendered":"<p>[et_pb_section fb_built=&#8221;1&#8243; admin_label=&#8221;section&#8221; _builder_version=&#8221;4.16&#8243; global_colors_info=&#8221;{}&#8221;][et_pb_row admin_label=&#8221;row&#8221; _builder_version=&#8221;4.16&#8243; background_size=&#8221;initial&#8221; background_position=&#8221;top_left&#8221; background_repeat=&#8221;repeat&#8221; global_colors_info=&#8221;{}&#8221;][et_pb_column type=&#8221;4_4&#8243; _builder_version=&#8221;4.16&#8243; custom_padding=&#8221;|||&#8221; global_colors_info=&#8221;{}&#8221; custom_padding__hover=&#8221;|||&#8221;][et_pb_text _builder_version=&#8221;4.19.0&#8243; _module_preset=&#8221;default&#8221; global_colors_info=&#8221;{}&#8221;]<\/p>\n<h1><strong>Plan de gestion int\u00e9gr\u00e9e du bassin hydrographique de la baie de Shediac<\/strong><\/h1>\n<p>[\/et_pb_text][\/et_pb_column][\/et_pb_row][et_pb_row column_structure=&#8221;1_2,1_2&#8243; _builder_version=&#8221;4.19.0&#8243; _module_preset=&#8221;default&#8221; global_colors_info=&#8221;{}&#8221;][et_pb_column type=&#8221;1_2&#8243; _builder_version=&#8221;4.19.0&#8243; _module_preset=&#8221;default&#8221; global_colors_info=&#8221;{}&#8221;][et_pb_text admin_label=&#8221;Intro&#8221; _builder_version=&#8221;4.19.0&#8243; _module_preset=&#8221;default&#8221; global_colors_info=&#8221;{}&#8221;]<\/p>\n<p>&nbsp;<\/p>\n<p>&nbsp;<\/p>\n<p>&nbsp;<\/p>\n<p>La qualit\u00e9 de l&#8217;eau \u00e0 la plage Parlee est un sujet de pr\u00e9occupation pour les r\u00e9sidents du bassin versant de la baie de Shediac et pour ceux qui aiment visiter cette attraction r\u00e9cr\u00e9ative populaire depuis de nombreuses ann\u00e9es.<\/p>\n<p>En 2016, le gouvernement du Nouveau-Brunswick a form\u00e9 un comit\u00e9 directeur charg\u00e9 de recueillir des renseignements pour aider \u00e0 mieux comprendre la source des pr\u00e9occupations relatives \u00e0 la qualit\u00e9 de l&#8217;eau. Le Plan de gestion int\u00e9gr\u00e9e du bassin hydrographique de la baie de Shediac est le r\u00e9sultat de nombreuses \u00e9tudes, projets, groupes de travail et s\u00e9ances de participation du public et des Premi\u00e8res Nations qui ont eu lieu depuis 2016.\u00a0<\/p>\n<p>L&#8217;objectif principal du Plan de gestion int\u00e9gr\u00e9e du bassin hydrographique de la baie de Shediac est de r\u00e9gler les probl\u00e8mes de qualit\u00e9 de l&#8217;eau dans le bassin hydrographique, notamment les sources anthropiques ou humaines de nutriments et de bact\u00e9ries.<\/p>\n<p>[\/et_pb_text][\/et_pb_column][et_pb_column type=&#8221;1_2&#8243; _builder_version=&#8221;4.19.0&#8243; _module_preset=&#8221;default&#8221; global_colors_info=&#8221;{}&#8221;][et_pb_image src=&#8221;https:\/\/shediacbayassociation.org\/wp-content\/uploads\/2021\/10\/Plan-Gestion-Bassin.jpg&#8221; alt=&#8221;Plan gestion int\u00e9gr\u00e9e du bassin versant&#8221; title_text=&#8221;Plan Gestion Bassin&#8221; url=&#8221;https:\/\/www2.gnb.ca\/content\/dam\/gnb\/Departments\/eco-bce\/Promo\/Parlee_Beach\/pdfs\/plan-de-gestion-integree-du-bassin-hydrographique.pdf&#8221; url_new_window=&#8221;on&#8221; _builder_version=&#8221;4.19.0&#8243; _module_preset=&#8221;default&#8221; global_colors_info=&#8221;{}&#8221;][\/et_pb_image][et_pb_text _builder_version=&#8221;4.19.0&#8243; _module_preset=&#8221;default&#8221; global_colors_info=&#8221;{}&#8221;]<\/p>\n<p><a href=\"https:\/\/www2.gnb.ca\/content\/dam\/gnb\/Departments\/eco-bce\/Promo\/Parlee_Beach\/pdfs\/plan-de-gestion-integree-du-bassin-hydrographique.pdf\" target=\"_blank\" rel=\"noopener\">Lien vers le Plan de gestion int\u00e9gr\u00e9e du bassin hydrographique de la baie de Shediac<\/a><\/p>\n<p>[\/et_pb_text][\/et_pb_column][\/et_pb_row][et_pb_row _builder_version=&#8221;4.19.0&#8243; _module_preset=&#8221;default&#8221; global_colors_info=&#8221;{}&#8221;][et_pb_column type=&#8221;4_4&#8243; _builder_version=&#8221;4.19.0&#8243; _module_preset=&#8221;default&#8221; global_colors_info=&#8221;{}&#8221;][et_pb_divider color=&#8221;#000000&#8243; _builder_version=&#8221;4.19.0&#8243; _module_preset=&#8221;default&#8221; global_colors_info=&#8221;{}&#8221;][\/et_pb_divider][et_pb_text admin_label=&#8221;Chronologie&#8221; _builder_version=&#8221;4.19.0&#8243; _module_preset=&#8221;default&#8221; global_colors_info=&#8221;{}&#8221;]<\/p>\n<h4><strong>Chronologie<\/strong><\/h4>\n<p><strong>2016 &#8211;<\/strong> Le gouvernement du Nouveau-Brunswick a form\u00e9 un comit\u00e9 directeur charg\u00e9 de recueillir de l&#8217;information pour aider \u00e0 mieux comprendre la source des probl\u00e8mes de qualit\u00e9 de l&#8217;eau dans la baie de Shediac.<\/p>\n<p><strong>2018 &#8211;<\/strong> Le comit\u00e9 directeur a publi\u00e9 le rapport final sur la qualit\u00e9 de l&#8217;eau de la plage Parlee Shediac, au Nouveau-Brunswick, soulignant les r\u00e9sultats des \u00e9tudes et des projets entrepris entre 2017 et 2018.<\/p>\n<p><strong>2019 &#8211;<\/strong> Un groupe de travail a \u00e9t\u00e9 form\u00e9 par le minist\u00e8re de l&#8217;Environnement et des Gouvernements locaux du Nouveau-Brunswick pour \u00e9laborer un plan de gestion du bassin versant de la baie de Shediac.<\/p>\n<p><strong>2019 &#8211; 2021 &#8211;<\/strong> Trois s\u00e9ries d&#8217;engagement public ont eu lieu en octobre 2019, ao\u00fbt 2020 et f\u00e9vrier 2021.<\/p>\n<p><strong>2021 &#8211;<\/strong> Le plan a \u00e9t\u00e9 publi\u00e9 dans les deux langues officielles le 22 octobre 2021.<\/p>\n<p><strong>2021 &#8211; 2022 &#8211;<\/strong> Avec l&#8217;aide du minist\u00e8re de l&#8217;Environnement et des Gouvernements locaux du Nouveau-Brunswick, un comit\u00e9 de mise en \u0153uvre a \u00e9t\u00e9 cr\u00e9\u00e9 pour tenir les intervenants au courant des progr\u00e8s accomplis dans la r\u00e9alisation des objectifs et des mesures \u00e9nonc\u00e9s dans le plan.\u00a0 Afin de mieux cibler les objectifs et les mesures \u00e0 prendre, des sous-comit\u00e9s ont \u00e9t\u00e9 cr\u00e9\u00e9s pour cinq objectifs du plan.<\/p>\n<p><strong>De 2022 \u00e0 aujourd&#8217;hui &#8211;<\/strong> Le comit\u00e9 de mise en \u0153uvre et les sous-comit\u00e9s se r\u00e9unissent r\u00e9guli\u00e8rement pour travailler \u00e0 l&#8217;avancement des objectifs et des mesures d\u00e9crits dans le plan, dans le cadre d&#8217;un cycle annuel de mise en \u0153uvre du plan de gestion du bassin versant.<\/p>\n<p>[\/et_pb_text][et_pb_text admin_label=&#8221;Membres comit\u00e9&#8221; _builder_version=&#8221;4.19.0&#8243; _module_preset=&#8221;default&#8221; global_colors_info=&#8221;{}&#8221;]<\/p>\n<h4><strong>Membres du comit\u00e9 de mise en \u0153uvre<\/strong><\/h4>\n<ul>\n<li>Association du bassin versant de la baie de Shediac<\/li>\n<li>Minist\u00e8re des P\u00eaches et Oc\u00e9ans Canada<\/li>\n<li>Minist\u00e8re de l&#8217;Environnement et des Gouvernements locaux du Nouveau-Brunswick<\/li>\n<li>Minist\u00e8re de l&#8217;Agriculture, de l&#8217;Aquaculture et des P\u00eaches du Nouveau-Brunswick<\/li>\n<li>Minist\u00e8re de la Sant\u00e9 du Nouveau-Brunswick<\/li>\n<li>Minist\u00e8re du Tourisme, du Patrimoine et de la Culture du Nouveau-Brunswick<\/li>\n<li>Commission de services r\u00e9gionaux du Sud-Est<\/li>\n<li>Premi\u00e8res nations<\/li>\n<li>Ville de Shediac<\/li>\n<li>Association Red Dot de la baie de Shediac<\/li>\n<li>Intervenants<\/li>\n<li>Citoyens du bassin versant\n<p>&nbsp;<\/p>\n<\/li>\n<\/ul>\n<p>[\/et_pb_text][et_pb_text admin_label=&#8221;Mandat&#8221; _builder_version=&#8221;4.19.0&#8243; _module_preset=&#8221;default&#8221; global_colors_info=&#8221;{}&#8221;]<\/p>\n<h4><strong>Mandat du comit\u00e9 de mise en \u0153uvre<\/strong><\/h4>\n<p><a href=\"https:\/\/shediacbayassociation.org\/wp-content\/uploads\/2023\/02\/SBW-WMP-Terms-of-Reference_Implementation-Committee_March-2022.pdf\" target=\"_blank\" rel=\"noopener\">Lien vers le document (En anglais, traduction \u00e0 venir)<\/a><\/p>\n<p>[\/et_pb_text][et_pb_text admin_label=&#8221;Proc\u00e8s verbaux et autres&#8221; _builder_version=&#8221;4.26.1&#8243; _module_preset=&#8221;default&#8221; hover_enabled=&#8221;0&#8243; global_colors_info=&#8221;{}&#8221; sticky_enabled=&#8221;0&#8243;]<\/p>\n<h4><strong>Proc\u00e8s-verbaux des r\u00e9unions <\/strong><strong>\u00a0&#8211; Comit\u00e9 de mise en \u0153uvre complet<\/strong><\/h4>\n<p><a href=\"https:\/\/shediacbayassociation.org\/wp-content\/uploads\/2023\/02\/Minutes_SBWMP_2022_01_31.pdf\" target=\"_blank\" rel=\"noopener\">31 janvier 2022<\/a><\/p>\n<p><a href=\"https:\/\/shediacbayassociation.org\/wp-content\/uploads\/2023\/02\/Minutes_SBWMP_2022_03_23.pdf\" target=\"_blank\" rel=\"noopener\">23 mars 2022<\/a><\/p>\n<p><a href=\"https:\/\/shediacbayassociation.org\/wp-content\/uploads\/2023\/02\/Minutes_SBWMP_2022_04_21.pdf\" target=\"_blank\" rel=\"noopener\">21 avril 2022<\/a><\/p>\n<p><a href=\"https:\/\/shediacbayassociation.org\/wp-content\/uploads\/2023\/02\/Minutes_SBWMP_2022_10_13.pdf\" target=\"_blank\" rel=\"noopener\">13 octobre 2022<\/a><\/p>\n<p><a href=\"https:\/\/shediacbayassociation.org\/wp-content\/uploads\/2023\/02\/Minutes_SBWMP_2022_12_05.pdf\" target=\"_blank\" rel=\"noopener\">5 d\u00e9cembre 2022<\/a><\/p>\n<p><a href=\"https:\/\/shediacbayassociation.org\/wp-content\/uploads\/2024\/03\/February-23-2023.pdf\" target=\"_blank\" rel=\"noopener\">23 f\u00e9vrier 2023<\/a><\/p>\n<p><a href=\"https:\/\/shediacbayassociation.org\/wp-content\/uploads\/2024\/03\/June-20-2023.pdf\" target=\"_blank\" rel=\"noopener\">20 juin 2023<\/a><\/p>\n<p><a href=\"https:\/\/shediacbayassociation.org\/wp-content\/uploads\/2024\/03\/September-28-2023.pdf\" target=\"_blank\" rel=\"noopener\">28 septembre 2023<\/a><\/p>\n<p><a href=\"https:\/\/shediacbayassociation.org\/wp-content\/uploads\/2025\/02\/Minutes_SBWMP_2024_03_14.pdf\">14 mars 2024<\/a><\/p>\n<p><a href=\"https:\/\/shediacbayassociation.org\/wp-content\/uploads\/2025\/02\/Minutes_SBWMP_2024_10_09.pdf\">9 octobre 2024<\/a><\/p>\n<h4>\u00a0<\/h4>\n<h4><strong>Proc\u00e8s-verbaux des r\u00e9unions &#8211; Sous-comit\u00e9s<\/strong><\/h4>\n<p><strong>Sous-comit\u00e9 no 2 &#8211; Prot\u00e9ger et am\u00e9liorer la qualit\u00e9 de l&#8217;eau<\/strong><br \/><a href=\"https:\/\/shediacbayassociation.org\/wp-content\/uploads\/2023\/02\/Minutes_SBWMP_SC2_2022_10_04.pdf\" target=\"_blank\" rel=\"noopener\">4 octobre 2022<\/a><br \/><a href=\"https:\/\/shediacbayassociation.org\/wp-content\/uploads\/2024\/03\/March-23-2023.pdf\" target=\"_blank\" rel=\"noopener\">23 mars 2023<\/a><\/p>\n<p><strong>Sous-comit\u00e9 no 3 &#8211; Am\u00e9liorer la gestion des eaux pluviales<\/strong><br \/><a href=\"https:\/\/shediacbayassociation.org\/wp-content\/uploads\/2023\/02\/Minutes_SBWMP_SC3_2023_02_07.pdf\" target=\"_blank\" rel=\"noopener\">7 f\u00e9vrier 2023<\/a><br \/><a href=\"https:\/\/shediacbayassociation.org\/wp-content\/uploads\/2024\/03\/September-13-2023.pdf\" target=\"_blank\" rel=\"noopener\">13 septembre 2023<\/a><\/p>\n<p><strong>Sous-comit\u00e9 no 4 &#8211; Am\u00e9liorer la gestion des eaux us\u00e9es<\/strong><br \/>16 novembre 2022<\/p>\n<p><strong>Sous-comit\u00e9 no 5 &#8211; Prot\u00e9ger les zones c\u00f4ti\u00e8res du bassin versant<\/strong><br \/><a href=\"https:\/\/shediacbayassociation.org\/wp-content\/uploads\/2023\/02\/Minutes_SBWMP_SC5_2022_11_16.pdf\" target=\"_blank\" rel=\"noopener\">16 novembre 2022<\/a><\/p>\n<p><strong>Sous-comit\u00e9 no 6 &#8211; \u00c9ducation, sensibilisation et communication<\/strong><br \/>(\u00c0 venir)<\/p>\n<h4>\u00a0<\/h4>\n<h4><strong>Rapports annuels<\/strong><\/h4>\n<p><a href=\"https:\/\/shediacbayassociation.org\/wp-content\/uploads\/2023\/03\/PGBH-Rapport-Sommaire-2022-2023_1.pdf\" target=\"_blank\" rel=\"noopener\">Rapport Sommaire 2022-2023<\/a><\/p>\n<p>[\/et_pb_text][\/et_pb_column][\/et_pb_row][\/et_pb_section]<\/p>\n","protected":false},"excerpt":{"rendered":"<p>Plan de gestion int\u00e9gr\u00e9e du bassin hydrographique de la baie de Shediac&nbsp; &nbsp; &nbsp; La qualit\u00e9 de l&#8217;eau \u00e0 la plage Parlee est un sujet de pr\u00e9occupation pour les r\u00e9sidents du bassin versant de la baie de Shediac et pour ceux qui aiment visiter cette attraction r\u00e9cr\u00e9ative populaire depuis de nombreuses ann\u00e9es. En 2016, le [&hellip;]<\/p>\n","protected":false},"author":3,"featured_media":0,"parent":0,"menu_order":0,"comment_status":"closed","ping_status":"closed","template":"","meta":{"_et_pb_use_builder":"on","_et_pb_old_content":"","_et_gb_content_width":"","_monsterinsights_skip_tracking":false,"_monsterinsights_sitenote_active":false,"_monsterinsights_sitenote_note":"","_monsterinsights_sitenote_category":0,"footnotes":""},"class_list":["post-8012","page","type-page","status-publish","hentry"],"yoast_head":"<!-- This site is optimized with the Yoast SEO plugin v26.9 - https:\/\/yoast.com\/product\/yoast-seo-wordpress\/ -->\n<title>Plan de gestion du bassin versant - Association du bassin versant de la baie de Sh\u00e9diac<\/title>\n<meta name=\"robots\" content=\"index, follow, max-snippet:-1, max-image-preview:large, max-video-preview:-1\" \/>\n<link rel=\"canonical\" href=\"https:\/\/shediacbayassociation.org\/fr\/plan-de-gestion-du-bassin-versant\/\" \/>\n<meta property=\"og:locale\" content=\"fr_FR\" \/>\n<meta property=\"og:type\" content=\"article\" \/>\n<meta property=\"og:title\" content=\"Plan de gestion du bassin versant - Association du bassin versant de la baie de Sh\u00e9diac\" \/>\n<meta property=\"og:description\" content=\"Plan de gestion int\u00e9gr\u00e9e du bassin hydrographique de la baie de Shediac&nbsp; &nbsp; &nbsp; La qualit\u00e9 de l&#039;eau \u00e0 la plage Parlee est un sujet de pr\u00e9occupation pour les r\u00e9sidents du bassin versant de la baie de Shediac et pour ceux qui aiment visiter cette attraction r\u00e9cr\u00e9ative populaire depuis de nombreuses ann\u00e9es. En 2016, le [&hellip;]\" \/>\n<meta property=\"og:url\" content=\"https:\/\/shediacbayassociation.org\/fr\/plan-de-gestion-du-bassin-versant\/\" \/>\n<meta property=\"og:site_name\" content=\"Association du bassin versant de la baie de Sh\u00e9diac\" \/>\n<meta property=\"article:modified_time\" content=\"2025-02-18T18:15:53+00:00\" \/>\n<meta name=\"twitter:card\" content=\"summary_large_image\" \/>\n<meta name=\"twitter:label1\" content=\"Dur\u00e9e de lecture estim\u00e9e\" \/>\n\t<meta name=\"twitter:data1\" content=\"3 minutes\" \/>\n<script type=\"application\/ld+json\" class=\"yoast-schema-graph\">{\"@context\":\"https:\/\/schema.org\",\"@graph\":[{\"@type\":\"WebPage\",\"@id\":\"https:\/\/shediacbayassociation.org\/fr\/plan-de-gestion-du-bassin-versant\/\",\"url\":\"https:\/\/shediacbayassociation.org\/fr\/plan-de-gestion-du-bassin-versant\/\",\"name\":\"Plan de gestion du bassin versant - Association du bassin versant de la baie de Sh\u00e9diac\",\"isPartOf\":{\"@id\":\"https:\/\/shediacbayassociation.org\/#website\"},\"datePublished\":\"2023-02-22T23:51:48+00:00\",\"dateModified\":\"2025-02-18T18:15:53+00:00\",\"breadcrumb\":{\"@id\":\"https:\/\/shediacbayassociation.org\/fr\/plan-de-gestion-du-bassin-versant\/#breadcrumb\"},\"inLanguage\":\"fr-FR\",\"potentialAction\":[{\"@type\":\"ReadAction\",\"target\":[\"https:\/\/shediacbayassociation.org\/fr\/plan-de-gestion-du-bassin-versant\/\"]}]},{\"@type\":\"BreadcrumbList\",\"@id\":\"https:\/\/shediacbayassociation.org\/fr\/plan-de-gestion-du-bassin-versant\/#breadcrumb\",\"itemListElement\":[{\"@type\":\"ListItem\",\"position\":1,\"name\":\"Home\",\"item\":\"https:\/\/shediacbayassociation.org\/fr\/\"},{\"@type\":\"ListItem\",\"position\":2,\"name\":\"Plan de gestion du bassin versant\"}]},{\"@type\":\"WebSite\",\"@id\":\"https:\/\/shediacbayassociation.org\/#website\",\"url\":\"https:\/\/shediacbayassociation.org\/\",\"name\":\"Association du bassin versant de la baie de Sh\u00e9diac\",\"description\":\"\",\"publisher\":{\"@id\":\"https:\/\/shediacbayassociation.org\/#organization\"},\"potentialAction\":[{\"@type\":\"SearchAction\",\"target\":{\"@type\":\"EntryPoint\",\"urlTemplate\":\"https:\/\/shediacbayassociation.org\/?s={search_term_string}\"},\"query-input\":{\"@type\":\"PropertyValueSpecification\",\"valueRequired\":true,\"valueName\":\"search_term_string\"}}],\"inLanguage\":\"fr-FR\"},{\"@type\":\"Organization\",\"@id\":\"https:\/\/shediacbayassociation.org\/#organization\",\"name\":\"Shediac Bay Association\",\"url\":\"https:\/\/shediacbayassociation.org\/\",\"logo\":{\"@type\":\"ImageObject\",\"inLanguage\":\"fr-FR\",\"@id\":\"https:\/\/shediacbayassociation.org\/#\/schema\/logo\/image\/\",\"url\":\"https:\/\/shediacbayassociation.org\/wp-content\/uploads\/2016\/08\/LOGO-JPEG.jpg\",\"contentUrl\":\"https:\/\/shediacbayassociation.org\/wp-content\/uploads\/2016\/08\/LOGO-JPEG.jpg\",\"width\":262,\"height\":228,\"caption\":\"Shediac Bay Association\"},\"image\":{\"@id\":\"https:\/\/shediacbayassociation.org\/#\/schema\/logo\/image\/\"}}]}<\/script>\n<!-- \/ Yoast SEO plugin. -->","yoast_head_json":{"title":"Plan de gestion du bassin versant - Association du bassin versant de la baie de Sh\u00e9diac","robots":{"index":"index","follow":"follow","max-snippet":"max-snippet:-1","max-image-preview":"max-image-preview:large","max-video-preview":"max-video-preview:-1"},"canonical":"https:\/\/shediacbayassociation.org\/fr\/plan-de-gestion-du-bassin-versant\/","og_locale":"fr_FR","og_type":"article","og_title":"Plan de gestion du bassin versant - Association du bassin versant de la baie de Sh\u00e9diac","og_description":"Plan de gestion int\u00e9gr\u00e9e du bassin hydrographique de la baie de Shediac&nbsp; &nbsp; &nbsp; La qualit\u00e9 de l'eau \u00e0 la plage Parlee est un sujet de pr\u00e9occupation pour les r\u00e9sidents du bassin versant de la baie de Shediac et pour ceux qui aiment visiter cette attraction r\u00e9cr\u00e9ative populaire depuis de nombreuses ann\u00e9es. En 2016, le [&hellip;]","og_url":"https:\/\/shediacbayassociation.org\/fr\/plan-de-gestion-du-bassin-versant\/","og_site_name":"Association du bassin versant de la baie de Sh\u00e9diac","article_modified_time":"2025-02-18T18:15:53+00:00","twitter_card":"summary_large_image","twitter_misc":{"Dur\u00e9e de lecture estim\u00e9e":"3 minutes"},"schema":{"@context":"https:\/\/schema.org","@graph":[{"@type":"WebPage","@id":"https:\/\/shediacbayassociation.org\/fr\/plan-de-gestion-du-bassin-versant\/","url":"https:\/\/shediacbayassociation.org\/fr\/plan-de-gestion-du-bassin-versant\/","name":"Plan de gestion du bassin versant - Association du bassin versant de la baie de Sh\u00e9diac","isPartOf":{"@id":"https:\/\/shediacbayassociation.org\/#website"},"datePublished":"2023-02-22T23:51:48+00:00","dateModified":"2025-02-18T18:15:53+00:00","breadcrumb":{"@id":"https:\/\/shediacbayassociation.org\/fr\/plan-de-gestion-du-bassin-versant\/#breadcrumb"},"inLanguage":"fr-FR","potentialAction":[{"@type":"ReadAction","target":["https:\/\/shediacbayassociation.org\/fr\/plan-de-gestion-du-bassin-versant\/"]}]},{"@type":"BreadcrumbList","@id":"https:\/\/shediacbayassociation.org\/fr\/plan-de-gestion-du-bassin-versant\/#breadcrumb","itemListElement":[{"@type":"ListItem","position":1,"name":"Home","item":"https:\/\/shediacbayassociation.org\/fr\/"},{"@type":"ListItem","position":2,"name":"Plan de gestion du bassin versant"}]},{"@type":"WebSite","@id":"https:\/\/shediacbayassociation.org\/#website","url":"https:\/\/shediacbayassociation.org\/","name":"Association du bassin versant de la baie de Sh\u00e9diac","description":"","publisher":{"@id":"https:\/\/shediacbayassociation.org\/#organization"},"potentialAction":[{"@type":"SearchAction","target":{"@type":"EntryPoint","urlTemplate":"https:\/\/shediacbayassociation.org\/?s={search_term_string}"},"query-input":{"@type":"PropertyValueSpecification","valueRequired":true,"valueName":"search_term_string"}}],"inLanguage":"fr-FR"},{"@type":"Organization","@id":"https:\/\/shediacbayassociation.org\/#organization","name":"Shediac Bay Association","url":"https:\/\/shediacbayassociation.org\/","logo":{"@type":"ImageObject","inLanguage":"fr-FR","@id":"https:\/\/shediacbayassociation.org\/#\/schema\/logo\/image\/","url":"https:\/\/shediacbayassociation.org\/wp-content\/uploads\/2016\/08\/LOGO-JPEG.jpg","contentUrl":"https:\/\/shediacbayassociation.org\/wp-content\/uploads\/2016\/08\/LOGO-JPEG.jpg","width":262,"height":228,"caption":"Shediac Bay Association"},"image":{"@id":"https:\/\/shediacbayassociation.org\/#\/schema\/logo\/image\/"}}]}},"_links":{"self":[{"href":"https:\/\/shediacbayassociation.org\/fr\/wp-json\/wp\/v2\/pages\/8012","targetHints":{"allow":["GET"]}}],"collection":[{"href":"https:\/\/shediacbayassociation.org\/fr\/wp-json\/wp\/v2\/pages"}],"about":[{"href":"https:\/\/shediacbayassociation.org\/fr\/wp-json\/wp\/v2\/types\/page"}],"author":[{"embeddable":true,"href":"https:\/\/shediacbayassociation.org\/fr\/wp-json\/wp\/v2\/users\/3"}],"replies":[{"embeddable":true,"href":"https:\/\/shediacbayassociation.org\/fr\/wp-json\/wp\/v2\/comments?post=8012"}],"version-history":[{"count":4,"href":"https:\/\/shediacbayassociation.org\/fr\/wp-json\/wp\/v2\/pages\/8012\/revisions"}],"predecessor-version":[{"id":8750,"href":"https:\/\/shediacbayassociation.org\/fr\/wp-json\/wp\/v2\/pages\/8012\/revisions\/8750"}],"wp:attachment":[{"href":"https:\/\/shediacbayassociation.org\/fr\/wp-json\/wp\/v2\/media?parent=8012"}],"curies":[{"name":"wp","href":"https:\/\/api.w.org\/{rel}","templated":true}]}}