{"id":7879,"date":"2022-11-17T11:19:24","date_gmt":"2022-11-17T15:19:24","guid":{"rendered":"https:\/\/shediacbayassociation.org\/?page_id=7879"},"modified":"2023-04-25T15:53:40","modified_gmt":"2023-04-25T18:53:40","slug":"animaux-domestiques","status":"publish","type":"page","link":"https:\/\/shediacbayassociation.org\/fr\/animaux-domestiques\/","title":{"rendered":"Sensibilisation aux d\u00e9chets d&#8217;animaux domestiques"},"content":{"rendered":"<p>[et_pb_section fb_built=&#8221;1&#8243; admin_label=&#8221;section&#8221; _builder_version=&#8221;4.16&#8243; global_colors_info=&#8221;{}&#8221;][et_pb_row column_structure=&#8221;1_2,1_2&#8243; _builder_version=&#8221;4.19.0&#8243; _module_preset=&#8221;default&#8221; global_colors_info=&#8221;{}&#8221;][et_pb_column type=&#8221;1_2&#8243; _builder_version=&#8221;4.19.0&#8243; _module_preset=&#8221;default&#8221; global_colors_info=&#8221;{}&#8221;][et_pb_text _builder_version=&#8221;4.20.0&#8243; _module_preset=&#8221;default&#8221; hover_enabled=&#8221;0&#8243; global_colors_info=&#8221;{}&#8221; sticky_enabled=&#8221;0&#8243;]<\/p>\n<h1>D\u00e9chets d&#8217;animaux domestiques<\/h1>\n<p>La population de chiens n&#8217;a cess\u00e9 de cro\u00eetre ces derni\u00e8res ann\u00e9es, faisant des d\u00e9chets (excr\u00e9ments) d&#8217;animaux domestiques un probl\u00e8me de plus en plus important pour les municipalit\u00e9s. Ce probl\u00e8me est aggrav\u00e9 par la croyance commune selon laquelle les d\u00e9chets d&#8217;animaux domestiques sont &#8220;naturels&#8221; et ne sont donc pas dangereux pour la sant\u00e9 humaine et l&#8217;environnement.<\/p>\n<p>En r\u00e9alit\u00e9, les d\u00e9chets d&#8217;animaux domestiques sont une source importante d&#8217;exc\u00e8s de nutriments et de bact\u00e9ries. Ils affectent la qualit\u00e9 de l&#8217;eau dans nos cours d&#8217;eau locaux, ce qui entra\u00eene parfois la fermeture de plages.<\/p>\n<p>En laissant les d\u00e9chets de votre chien ou de votre chat s&#8217;accumuler dans votre cour, les contaminants peuvent \u00eatre transport\u00e9s par le ruissellement de la pluie ou la fonte des neiges. Ils s&#8217;\u00e9coulent dans les \u00e9gouts pluviaux, les cours d&#8217;eau et, \u00e9ventuellement dans la baie de Shediac, la rendant dangereuse pour les gens, les poissons et la faune.<\/p>\n<p>Ces substances nocives peuvent m\u00eame s&#8217;infiltrer dans les eaux souterraines et contaminer les puits. Il est \u00e9galement d\u00e9conseill\u00e9 d&#8217;enterrer, de composter ou de jeter les d\u00e9chets d&#8217;animaux domestiques dans les toilettes. Le moyen le plus s\u00fbr de s\u2019en d\u00e9barrasser est de les mettre dans un sac et de les d\u00e9poser dans une poubelle.<\/p>\n<p>Ramasser les excr\u00e9ments de votre animal domestique, que ce soit dans votre cour ou dans les lieux publics, fait partie des bonnes habitudes d&#8217;un propri\u00e9taire d&#8217;animal responsable. Personne n&#8217;aime marcher sur des d\u00e9chets d&#8217;animaux dans nos quartiers, nos zones urbaines, nos parcs et nos sentiers.<\/p>\n<p><strong>Travaillons ensemble pour aider \u00e0 pr\u00e9server la qualit\u00e9 de l&#8217;eau et \u00e9viter que nos familles ne soient expos\u00e9es \u00e0 des maladies en se baignant ou en jouant dehors!<\/strong><\/p>\n<ul>\n<li>Ne laissez jamais de d\u00e9chets de chiens sur le sol dans les lieux publics, en particulier sur ou pr\u00e8s d&#8217;une plage.<\/li>\n<li>Ramassez les excr\u00e9ments dans votre cour plusieurs fois par semaine et surtout avant la pluie.<\/li>\n<li>Ne laissez pas les d\u00e9chets de votre animal s&#8217;accumuler pendant l&#8217;hiver. \u00c0 la fonte des neiges au printemps, des bact\u00e9ries nocives se d\u00e9verseront dans les \u00e9gouts pluviaux et les cours d&#8217;eau.<\/li>\n<li>N&#8217;oubliez pas d&#8217;apporter des sacs \u00e0 excr\u00e9ments lorsque vous allez promener votre chien et de les jeter dans une poubelle.<\/li>\n<li>Ne laissez jamais de sacs \u00e0 excr\u00e9ments sur le bord de la route ou dans les buissons.<\/li>\n<li>Ne mettez jamais de d\u00e9chets dans un \u00e9gout pluvial, car ils ne sont pas reli\u00e9s \u00e0 l&#8217;\u00e9gout sanitaire et se d\u00e9versent directement dans nos cours d&#8217;eau locaux.<\/li>\n<\/ul>\n<p><strong>Saviez-vous?<br \/><\/strong>Le chien moyen produit 274 livres (124 kg) d&#8217;excr\u00e9ments par ann\u00e9e ! Un seul gramme de d\u00e9chets canins contient environ 23 millions de bact\u00e9ries coliformes. Ils contiennent \u00e9galement des virus et des vers parasites qui peuvent provoquer des maladies chez les animaux domestiques et les humains, en particulier les enfants.<\/p>\n<p>Les d\u00e9chets d&#8217;animaux domestiques contiennent \u00e9galement du phosphore et de l&#8217;azote, ce qui entra\u00eene une surabondance de nutriments lorsqu&#8217;ils s&#8217;\u00e9coulent dans les cours d&#8217;eau. Cela peut entra\u00eener une perte d&#8217;oxyg\u00e8ne caus\u00e9e par la prolif\u00e9ration des algues, ce qui rend difficile la survie des poissons et des autres formes de vie aquatique.<\/p>\n<p><strong>Important \u00e0 savoir<br \/><\/strong>La municipalit\u00e9 de Shediac a un ARR\u00caT\u00c9 RELATIF AU CONTR\u00d4LE DES ANIMAUX. Voir les sections 4.3 et 4.4 sous la rubrique Responsabilit\u00e9s du propri\u00e9taire concernant le ramassage des mati\u00e8res f\u00e9cales d&#8217;animaux sur les propri\u00e9t\u00e9s publiques ou priv\u00e9es.<\/p>\n<p>Suivez ce lien pour consulter l&#8217;arr\u00eat\u00e9.<br \/><a href=\"https:\/\/shediac.ca\/images\/Arreteetannexes6decembre2021.pdf\">https:\/\/shediac.ca\/images\/Arreteetannexes6decembre2021.pdf<\/a><\/p>\n<p>[\/et_pb_text][\/et_pb_column][et_pb_column type=&#8221;1_2&#8243; _builder_version=&#8221;4.19.0&#8243; _module_preset=&#8221;default&#8221; global_colors_info=&#8221;{}&#8221;][et_pb_gallery gallery_ids=&#8221;8192,8194,8196,8198,8200&#8243; _builder_version=&#8221;4.20.0&#8243; _module_preset=&#8221;default&#8221; global_colors_info=&#8221;{}&#8221;][\/et_pb_gallery][et_pb_image src=&#8221;https:\/\/shediacbayassociation.org\/wp-content\/uploads\/2023\/04\/Dog-waste-sign-web-Sm.jpg&#8221; title_text=&#8221;Dog waste sign&#8221; _builder_version=&#8221;4.20.0&#8243; _module_preset=&#8221;default&#8221; max_height=&#8221;604px&#8221; box_shadow_style=&#8221;preset2&#8243; box_shadow_horizontal=&#8221;2px&#8221; box_shadow_vertical=&#8221;2px&#8221; box_shadow_blur=&#8221;9px&#8221; global_colors_info=&#8221;{}&#8221;][\/et_pb_image][\/et_pb_column][\/et_pb_row][\/et_pb_section]<\/p>\n","protected":false},"excerpt":{"rendered":"<p>D\u00e9chets d&#8217;animaux domestiques La population de chiens n&#8217;a cess\u00e9 de cro\u00eetre ces derni\u00e8res ann\u00e9es, faisant des d\u00e9chets (excr\u00e9ments) d&#8217;animaux domestiques un probl\u00e8me de plus en plus important pour les municipalit\u00e9s. Ce probl\u00e8me est aggrav\u00e9 par la croyance commune selon laquelle les d\u00e9chets d&#8217;animaux domestiques sont &#8220;naturels&#8221; et ne sont donc pas dangereux pour la sant\u00e9 [&hellip;]<\/p>\n","protected":false},"author":3,"featured_media":0,"parent":0,"menu_order":0,"comment_status":"closed","ping_status":"closed","template":"","meta":{"_et_pb_use_builder":"on","_et_pb_old_content":"","_et_gb_content_width":"","_monsterinsights_skip_tracking":false,"_monsterinsights_sitenote_active":false,"_monsterinsights_sitenote_note":"","_monsterinsights_sitenote_category":0,"footnotes":""},"class_list":["post-7879","page","type-page","status-publish","hentry"],"yoast_head":"<!-- This site is optimized with the Yoast SEO plugin v26.9 - https:\/\/yoast.com\/product\/yoast-seo-wordpress\/ -->\n<title>Sensibilisation aux d\u00e9chets d&#039;animaux domestiques - Association du bassin versant de la baie de Sh\u00e9diac<\/title>\n<meta name=\"description\" content=\"Les d\u00e9chets d\u2019animaux domestiques polluent l&#039;eau et sont un risque pour la sant\u00e9. Ils affectent la qualit\u00e9 de l&#039;eau dans nos cours d&#039;eau locaux, ce qui entra\u00eene parfois la fermeture de plages.\" \/>\n<meta name=\"robots\" content=\"index, follow, max-snippet:-1, max-image-preview:large, max-video-preview:-1\" \/>\n<link rel=\"canonical\" href=\"https:\/\/shediacbayassociation.org\/fr\/animaux-domestiques\/\" \/>\n<meta property=\"og:locale\" content=\"fr_FR\" \/>\n<meta property=\"og:type\" content=\"article\" \/>\n<meta property=\"og:title\" content=\"Sensibilisation aux d\u00e9chets d&#039;animaux domestiques - Association du bassin versant de la baie de Sh\u00e9diac\" \/>\n<meta property=\"og:description\" content=\"Les d\u00e9chets d\u2019animaux domestiques polluent l&#039;eau et sont un risque pour la sant\u00e9. Ils affectent la qualit\u00e9 de l&#039;eau dans nos cours d&#039;eau locaux, ce qui entra\u00eene parfois la fermeture de plages.\" \/>\n<meta property=\"og:url\" content=\"https:\/\/shediacbayassociation.org\/fr\/animaux-domestiques\/\" \/>\n<meta property=\"og:site_name\" content=\"Association du bassin versant de la baie de Sh\u00e9diac\" \/>\n<meta property=\"article:modified_time\" content=\"2023-04-25T18:53:40+00:00\" \/>\n<meta name=\"twitter:card\" content=\"summary_large_image\" \/>\n<meta name=\"twitter:label1\" content=\"Dur\u00e9e de lecture estim\u00e9e\" \/>\n\t<meta name=\"twitter:data1\" content=\"3 minutes\" \/>\n<script type=\"application\/ld+json\" class=\"yoast-schema-graph\">{\"@context\":\"https:\/\/schema.org\",\"@graph\":[{\"@type\":\"WebPage\",\"@id\":\"https:\/\/shediacbayassociation.org\/fr\/animaux-domestiques\/\",\"url\":\"https:\/\/shediacbayassociation.org\/fr\/animaux-domestiques\/\",\"name\":\"Sensibilisation aux d\u00e9chets d'animaux domestiques - Association du bassin versant de la baie de Sh\u00e9diac\",\"isPartOf\":{\"@id\":\"https:\/\/shediacbayassociation.org\/#website\"},\"datePublished\":\"2022-11-17T15:19:24+00:00\",\"dateModified\":\"2023-04-25T18:53:40+00:00\",\"description\":\"Les d\u00e9chets d\u2019animaux domestiques polluent l'eau et sont un risque pour la sant\u00e9. Ils affectent la qualit\u00e9 de l'eau dans nos cours d'eau locaux, ce qui entra\u00eene parfois la fermeture de plages.\",\"breadcrumb\":{\"@id\":\"https:\/\/shediacbayassociation.org\/fr\/animaux-domestiques\/#breadcrumb\"},\"inLanguage\":\"fr-FR\",\"potentialAction\":[{\"@type\":\"ReadAction\",\"target\":[\"https:\/\/shediacbayassociation.org\/fr\/animaux-domestiques\/\"]}]},{\"@type\":\"BreadcrumbList\",\"@id\":\"https:\/\/shediacbayassociation.org\/fr\/animaux-domestiques\/#breadcrumb\",\"itemListElement\":[{\"@type\":\"ListItem\",\"position\":1,\"name\":\"Home\",\"item\":\"https:\/\/shediacbayassociation.org\/fr\/\"},{\"@type\":\"ListItem\",\"position\":2,\"name\":\"Sensibilisation aux d\u00e9chets d&#8217;animaux domestiques\"}]},{\"@type\":\"WebSite\",\"@id\":\"https:\/\/shediacbayassociation.org\/#website\",\"url\":\"https:\/\/shediacbayassociation.org\/\",\"name\":\"Association du bassin versant de la baie de Sh\u00e9diac\",\"description\":\"\",\"publisher\":{\"@id\":\"https:\/\/shediacbayassociation.org\/#organization\"},\"potentialAction\":[{\"@type\":\"SearchAction\",\"target\":{\"@type\":\"EntryPoint\",\"urlTemplate\":\"https:\/\/shediacbayassociation.org\/?s={search_term_string}\"},\"query-input\":{\"@type\":\"PropertyValueSpecification\",\"valueRequired\":true,\"valueName\":\"search_term_string\"}}],\"inLanguage\":\"fr-FR\"},{\"@type\":\"Organization\",\"@id\":\"https:\/\/shediacbayassociation.org\/#organization\",\"name\":\"Shediac Bay Association\",\"url\":\"https:\/\/shediacbayassociation.org\/\",\"logo\":{\"@type\":\"ImageObject\",\"inLanguage\":\"fr-FR\",\"@id\":\"https:\/\/shediacbayassociation.org\/#\/schema\/logo\/image\/\",\"url\":\"https:\/\/shediacbayassociation.org\/wp-content\/uploads\/2016\/08\/LOGO-JPEG.jpg\",\"contentUrl\":\"https:\/\/shediacbayassociation.org\/wp-content\/uploads\/2016\/08\/LOGO-JPEG.jpg\",\"width\":262,\"height\":228,\"caption\":\"Shediac Bay Association\"},\"image\":{\"@id\":\"https:\/\/shediacbayassociation.org\/#\/schema\/logo\/image\/\"}}]}<\/script>\n<!-- \/ Yoast SEO plugin. -->","yoast_head_json":{"title":"Sensibilisation aux d\u00e9chets d'animaux domestiques - Association du bassin versant de la baie de Sh\u00e9diac","description":"Les d\u00e9chets d\u2019animaux domestiques polluent l'eau et sont un risque pour la sant\u00e9. Ils affectent la qualit\u00e9 de l'eau dans nos cours d'eau locaux, ce qui entra\u00eene parfois la fermeture de plages.","robots":{"index":"index","follow":"follow","max-snippet":"max-snippet:-1","max-image-preview":"max-image-preview:large","max-video-preview":"max-video-preview:-1"},"canonical":"https:\/\/shediacbayassociation.org\/fr\/animaux-domestiques\/","og_locale":"fr_FR","og_type":"article","og_title":"Sensibilisation aux d\u00e9chets d'animaux domestiques - Association du bassin versant de la baie de Sh\u00e9diac","og_description":"Les d\u00e9chets d\u2019animaux domestiques polluent l'eau et sont un risque pour la sant\u00e9. Ils affectent la qualit\u00e9 de l'eau dans nos cours d'eau locaux, ce qui entra\u00eene parfois la fermeture de plages.","og_url":"https:\/\/shediacbayassociation.org\/fr\/animaux-domestiques\/","og_site_name":"Association du bassin versant de la baie de Sh\u00e9diac","article_modified_time":"2023-04-25T18:53:40+00:00","twitter_card":"summary_large_image","twitter_misc":{"Dur\u00e9e de lecture estim\u00e9e":"3 minutes"},"schema":{"@context":"https:\/\/schema.org","@graph":[{"@type":"WebPage","@id":"https:\/\/shediacbayassociation.org\/fr\/animaux-domestiques\/","url":"https:\/\/shediacbayassociation.org\/fr\/animaux-domestiques\/","name":"Sensibilisation aux d\u00e9chets d'animaux domestiques - Association du bassin versant de la baie de Sh\u00e9diac","isPartOf":{"@id":"https:\/\/shediacbayassociation.org\/#website"},"datePublished":"2022-11-17T15:19:24+00:00","dateModified":"2023-04-25T18:53:40+00:00","description":"Les d\u00e9chets d\u2019animaux domestiques polluent l'eau et sont un risque pour la sant\u00e9. Ils affectent la qualit\u00e9 de l'eau dans nos cours d'eau locaux, ce qui entra\u00eene parfois la fermeture de plages.","breadcrumb":{"@id":"https:\/\/shediacbayassociation.org\/fr\/animaux-domestiques\/#breadcrumb"},"inLanguage":"fr-FR","potentialAction":[{"@type":"ReadAction","target":["https:\/\/shediacbayassociation.org\/fr\/animaux-domestiques\/"]}]},{"@type":"BreadcrumbList","@id":"https:\/\/shediacbayassociation.org\/fr\/animaux-domestiques\/#breadcrumb","itemListElement":[{"@type":"ListItem","position":1,"name":"Home","item":"https:\/\/shediacbayassociation.org\/fr\/"},{"@type":"ListItem","position":2,"name":"Sensibilisation aux d\u00e9chets d&#8217;animaux domestiques"}]},{"@type":"WebSite","@id":"https:\/\/shediacbayassociation.org\/#website","url":"https:\/\/shediacbayassociation.org\/","name":"Association du bassin versant de la baie de Sh\u00e9diac","description":"","publisher":{"@id":"https:\/\/shediacbayassociation.org\/#organization"},"potentialAction":[{"@type":"SearchAction","target":{"@type":"EntryPoint","urlTemplate":"https:\/\/shediacbayassociation.org\/?s={search_term_string}"},"query-input":{"@type":"PropertyValueSpecification","valueRequired":true,"valueName":"search_term_string"}}],"inLanguage":"fr-FR"},{"@type":"Organization","@id":"https:\/\/shediacbayassociation.org\/#organization","name":"Shediac Bay Association","url":"https:\/\/shediacbayassociation.org\/","logo":{"@type":"ImageObject","inLanguage":"fr-FR","@id":"https:\/\/shediacbayassociation.org\/#\/schema\/logo\/image\/","url":"https:\/\/shediacbayassociation.org\/wp-content\/uploads\/2016\/08\/LOGO-JPEG.jpg","contentUrl":"https:\/\/shediacbayassociation.org\/wp-content\/uploads\/2016\/08\/LOGO-JPEG.jpg","width":262,"height":228,"caption":"Shediac Bay Association"},"image":{"@id":"https:\/\/shediacbayassociation.org\/#\/schema\/logo\/image\/"}}]}},"_links":{"self":[{"href":"https:\/\/shediacbayassociation.org\/fr\/wp-json\/wp\/v2\/pages\/7879","targetHints":{"allow":["GET"]}}],"collection":[{"href":"https:\/\/shediacbayassociation.org\/fr\/wp-json\/wp\/v2\/pages"}],"about":[{"href":"https:\/\/shediacbayassociation.org\/fr\/wp-json\/wp\/v2\/types\/page"}],"author":[{"embeddable":true,"href":"https:\/\/shediacbayassociation.org\/fr\/wp-json\/wp\/v2\/users\/3"}],"replies":[{"embeddable":true,"href":"https:\/\/shediacbayassociation.org\/fr\/wp-json\/wp\/v2\/comments?post=7879"}],"version-history":[{"count":5,"href":"https:\/\/shediacbayassociation.org\/fr\/wp-json\/wp\/v2\/pages\/7879\/revisions"}],"predecessor-version":[{"id":8326,"href":"https:\/\/shediacbayassociation.org\/fr\/wp-json\/wp\/v2\/pages\/7879\/revisions\/8326"}],"wp:attachment":[{"href":"https:\/\/shediacbayassociation.org\/fr\/wp-json\/wp\/v2\/media?parent=7879"}],"curies":[{"name":"wp","href":"https:\/\/api.w.org\/{rel}","templated":true}]}}